{"id":3396,"date":"2012-09-30T17:18:28","date_gmt":"2012-09-30T15:18:28","guid":{"rendered":"http:\/\/melocotonfilms.com\/a-propos-2\/"},"modified":"2024-03-06T12:38:12","modified_gmt":"2024-03-06T10:38:12","slug":"about-2","status":"publish","type":"page","link":"https:\/\/melocotonfilms.com\/en\/about-2\/","title":{"rendered":"About"},"content":{"rendered":"\n<p class=\"has-text-align-left\"><span style=\"color: #ff0000;\"><strong>MELOCOTON <\/strong><\/span>was created by H\u00e9l\u00e8ne Mitjavile and Th\u00e9o Laboulandine in 2011. The company is structured around two departments, Cinema and TV\/New media. They are driven by a common desire to offer daring work which uses innovative approaches that break free from the patriarchal, heteronormative worldview. We strive to work with artists and partners from a range of diverse backgrounds. While Theo focuses on audiovisual and new media, H\u00e9l\u00e8ne specializes in cinema,<br>with a keen interest in international productions. <\/p>\n\n\n\n<p class=\"has-text-align-left\">Melocoton is an active member of the <strong>SPI &#8211; Independent Producers Union<\/strong>, <strong>Unifrance<\/strong>, the\u00a0<strong>PXN \u2013<\/strong>\u00a0<strong>Producers of Digital Experiences<\/strong>, the<strong> 50\/50 collective <\/strong>for parity in the movie industry.<\/p>\n\n\n\n<p><span style=\"color: #ffffff;\"><strong>*<\/strong><\/span><\/p>\n\n\n<div class=\"wp-block-image\">\n<figure class=\"alignright\"><a href=\"http:\/\/melocotonfilms.com\/wp-content\/uploads\/2021\/07\/He\u0301le\u0300ne-Mitjavile-rotated.jpg\"><img loading=\"lazy\" decoding=\"async\" width=\"300\" height=\"300\" src=\"http:\/\/melocotonfilms.com\/wp-content\/uploads\/2021\/07\/He\u0301le\u0300ne-Mitjavile-300x300.jpg\" alt=\"\" class=\"wp-image-5828\" srcset=\"https:\/\/melocotonfilms.com\/wp-content\/uploads\/2021\/07\/He\u0301le\u0300ne-Mitjavile-300x300.jpg 300w, https:\/\/melocotonfilms.com\/wp-content\/uploads\/2021\/07\/He\u0301le\u0300ne-Mitjavile-150x150.jpg 150w, https:\/\/melocotonfilms.com\/wp-content\/uploads\/2021\/07\/He\u0301le\u0300ne-Mitjavile-768x768.jpg 768w, https:\/\/melocotonfilms.com\/wp-content\/uploads\/2021\/07\/He\u0301le\u0300ne-Mitjavile-rotated.jpg 960w\" sizes=\"auto, (max-width: 300px) 100vw, 300px\" \/><\/a><\/figure>\n<\/div>\n\n\n<p><span style=\"color: #ff0000;\"><strong>H\u00c9L\u00c8NE MITJAVILE<\/strong><\/span> is a Paris based producer, focused on arthouse international cinema. As a co-founder of Melocoton Films, she has produced over 20 short fictions..<\/p>\n\n\n\n<p>Her first animation production, \u201cScale\u201d by Joseph Pierce, co-produced with the United Kingdom, Czech Republic, and Belgium, premiered at Cannes\u2019 Critics Week, and has been screened at over 180 festivals and awarded about 50 prizes worldwide \u2013 including the audience prize of Clermont Ferrand\u2019s Lab competition and the Grand Prix at Les Arcs.<\/p>\n\n\n\n<p>Following the production of the C\u00e9sar nominated live action short \u201cTender Age\u201d by Julien Gaspar-Oliveri, she joined forces with her business partner to produce the series THOSE WHO BLUSH by the same author. The series, made in co-production with BOX Productions (Switzerland), will be presented in competition at S\u00e9ries Mania and broadcasted on Arte in October 2024.<\/p>\n\n\n\n<p>She is currently developing live action and animation shorts and features, including Aur\u00e9lien Peilloux\u2019s live action feature debut, RESEARCHERS, and Joseph Pierce\u2019s animation feature debut, How the Dead Live, while also sharpening her skills through workshops (Less is More by Groupe Ouest, Script expertise at La F\u00e9mis, Berlinale Talents\u2026) and investing her time as an expert in various commissions and in political initiatives such as the Independent Producer\u2019s Union.<\/p>\n\n\n\n<p>She is also a member of the C\u00e9sar Academy and of the European Film Academy.<\/p>\n\n\n\n<p>Prior to Melocoton, she worked in production, international sales and film financing \u2013 at Natixis Coficin\u00e9 and at The Coproduction Office (producer of double winner of the Palme d\u2019Or R\u00fcben Ostlund).<\/p>\n\n\n\n<p class=\"has-text-align-center\"><span style=\"color: #ffffff;\"><strong>*<\/strong><\/span><\/p>\n\n\n<div class=\"wp-block-image\">\n<figure class=\"alignleft\"><a href=\"http:\/\/melocotonfilms.com\/wp-content\/uploads\/2021\/07\/PHOTO-THEO-LABOULANDINE-3-e1626268125359.jpg\"><img loading=\"lazy\" decoding=\"async\" width=\"255\" height=\"300\" src=\"http:\/\/melocotonfilms.com\/wp-content\/uploads\/2021\/07\/PHOTO-THEO-LABOULANDINE-3-e1626268125359-255x300.jpg\" alt=\"\" class=\"wp-image-5837\" srcset=\"https:\/\/melocotonfilms.com\/wp-content\/uploads\/2021\/07\/PHOTO-THEO-LABOULANDINE-3-e1626268125359-255x300.jpg 255w, https:\/\/melocotonfilms.com\/wp-content\/uploads\/2021\/07\/PHOTO-THEO-LABOULANDINE-3-e1626268125359-870x1024.jpg 870w, https:\/\/melocotonfilms.com\/wp-content\/uploads\/2021\/07\/PHOTO-THEO-LABOULANDINE-3-e1626268125359-768x904.jpg 768w, https:\/\/melocotonfilms.com\/wp-content\/uploads\/2021\/07\/PHOTO-THEO-LABOULANDINE-3-e1626268125359.jpg 1224w\" sizes=\"auto, (max-width: 255px) 100vw, 255px\" \/><\/a><\/figure>\n<\/div>\n\n\n<p>After working on various sets, for postproduction houses as well as in communication agencies as a strategic planner,<span style=\"color: #ff0000;\"><strong> TH\u00c9O LABOULANDINE<\/strong><\/span>&nbsp;founded Melocoton Films with his associate H\u00e9l\u00e8ne Mitjavile in 2011. Focusing on TV, he has produced several music videos, including <em>Vanille-Fraise<\/em>&nbsp;from L&#8217;imp\u00e9ratrice and <em>Sphynx&nbsp;<\/em>from La Femme, as well as four documentary series in co-production with France TV Slash and a short fiction series broadcasted on MyCanal. He develops documentary and fiction programmes for TV, with a keen eye for strong contemporary topics. He is an active member of the Union of Independent Producers.<\/p>\n\n\n\n<p><span style=\"color: #ffffff;\"><strong>*<\/strong><\/span><\/p>\n\n\n\n<p><span style=\"color: #ffffff;\"><strong>*<\/strong><\/span><\/p>\n\n\n\n<p>Please send your projects to <span style=\"color: #ff0000;\"><a style=\"color: #ff0000;\" href=\"mailto:hello@melocotonfilms.com\">hello@melocotonfilms.com<\/a><\/span><\/p>\n","protected":false},"excerpt":{"rendered":"<p>MELOCOTON was created by H\u00e9l\u00e8ne Mitjavile and Th\u00e9o Laboulandine in 2011. The company is structured around two departments, Cinema and TV\/New media. They are driven by a common desire to offer daring work which uses innovative approaches that break free from the patriarchal, heteronormative worldview. We strive to work with artists and partners from a [&hellip;]<\/p>\n","protected":false},"author":1,"featured_media":0,"parent":0,"menu_order":0,"comment_status":"closed","ping_status":"closed","template":"","meta":{"footnotes":""},"class_list":["post-3396","page","type-page","status-publish","hentry"],"_links":{"self":[{"href":"https:\/\/melocotonfilms.com\/en\/wp-json\/wp\/v2\/pages\/3396","targetHints":{"allow":["GET"]}}],"collection":[{"href":"https:\/\/melocotonfilms.com\/en\/wp-json\/wp\/v2\/pages"}],"about":[{"href":"https:\/\/melocotonfilms.com\/en\/wp-json\/wp\/v2\/types\/page"}],"author":[{"embeddable":true,"href":"https:\/\/melocotonfilms.com\/en\/wp-json\/wp\/v2\/users\/1"}],"replies":[{"embeddable":true,"href":"https:\/\/melocotonfilms.com\/en\/wp-json\/wp\/v2\/comments?post=3396"}],"version-history":[{"count":17,"href":"https:\/\/melocotonfilms.com\/en\/wp-json\/wp\/v2\/pages\/3396\/revisions"}],"predecessor-version":[{"id":6482,"href":"https:\/\/melocotonfilms.com\/en\/wp-json\/wp\/v2\/pages\/3396\/revisions\/6482"}],"wp:attachment":[{"href":"https:\/\/melocotonfilms.com\/en\/wp-json\/wp\/v2\/media?parent=3396"}],"curies":[{"name":"wp","href":"https:\/\/api.w.org\/{rel}","templated":true}]}}